{"id":1321,"date":"2017-07-07T08:08:20","date_gmt":"2017-07-07T07:08:20","guid":{"rendered":"https:\/\/scootertime.ch\/?page_id=1321"},"modified":"2025-09-18T08:43:13","modified_gmt":"2025-09-18T07:43:13","slug":"home-3-fr","status":"publish","type":"page","link":"https:\/\/scootertime.ch\/fr\/","title":{"rendered":"Home 3 FR"},"content":{"rendered":"<div class=\"wpb-content-wrapper\"><p>[vc_row css=\u00a0\u00bb.vc_custom_1499761847801{margin-top: -18px !important;}\u00a0\u00bb][vc_column][vc_posts_slider count=\u00a0\u00bb1&Prime; interval=\u00a0\u00bb0&Prime; slides_content=\u00a0\u00bbteaser\u00a0\u00bb slides_title=\u00a0\u00bb1&Prime; thumb_size=\u00a0\u00bbfull\u00a0\u00bb css=\u00a0\u00bb\u00a0\u00bb posttypes=\u00a0\u00bbpost\u00a0\u00bb categories=\u00a0\u00bbNews\u00a0\u00bb][vc_column_text css=\u00a0\u00bb\u00a0\u00bb el_class=\u00a0\u00bbad-border-top\u00a0\u00bb]<span style=\"font-size: 12pt;\">Ad<\/span>[\/vc_column_text]<div class=\"bsaProCarousel bsaProCarousel-9\" style=\"display: none\"><div class=\"apMainContainer apMainLeft\"><div id=\"bsa-block-728--90\" class=\"apPluginContainer bsaProContainer-9 bsa-block-728--90 bsa-pro-col-2\"><div class=\"bsaProItems bsaGridGutter bsa-owl-carousel bsa-owl-carousel-9\" style=\"background-color:\"><div class=\"bsaProItem bsaHidden bsaReset\" data-item-id=\"33\" data-animation=\"none\" style=\"opacity:1;visibility:visible;\"><div class=\"bsaProItemInner\" style=\"background-color:\"><div class=\"bsaProItemInner__thumb\"><div class=\"bsaProAnimateThumb\"><a class=\"bsaProItem__url\" href=\"https:\/\/www.scootertime.ch\/ordering_form?sid=9&bsa_pro_id=33&bsa_pro_url=1\" target=\"_blank\"><div class=\"bsaProItemInner__img\" style=\"background-image: url('https:\/\/scootertime.ch\/wp-content\/uploads\/ap-plugin-upload\/1774018707-motorex_sct_banner_2026_728x90px.jpg')\"><\/div><\/a><\/div><\/div><\/div><div class=\"bsaProItemInner__html\"><\/div><\/div><\/div><\/div><script>\n\t\t\t(function($){\n    \t\t\t\"use strict\";\n\t\t\t\t$(document).ready(function(){\n\t\t\t\t\tfunction bsaProResize() {\n                        setTimeout(function () {\n                            let sid = \"9\";\n                            let object = $(\".bsaProContainer-\" + sid);\n                            let itemSize = $(\".bsaProContainer-\" + sid + \" .bsaProItem\");\n                            let imageThumb = $(\".bsaProContainer-\" + sid + \" .bsaProItemInner__img\");\n                            let animateThumb = $(\".bsaProContainer-\" + sid + \" .bsaProAnimateThumb\");\n                            let innerThumb = $(\".bsaProContainer-\" + sid + \" .bsaProItemInner__thumb\");\n                            let parentWidth = \"728\";\n                            let parentHeight = \"90\";\n                            let objectWidth = object.parent().outerWidth();\n                            if ( objectWidth <= parentWidth ) {\n                                let scale = objectWidth \/ parentWidth;\n                                if ( objectWidth > 0 && objectWidth !== 100 && scale > 0 ) {\n                                    itemSize.height(parentHeight * scale);\n                                    animateThumb.height(parentHeight * scale);\n                                    innerThumb.height(parentHeight * scale);\n                                    imageThumb.height(parentHeight * scale);\n                                } else {\n                                    itemSize.height(parentHeight);\n                                    animateThumb.height(parentHeight);\n                                    innerThumb.height(parentHeight);\n                                    imageThumb.height(parentHeight);\n                                }\n                            } else {\n                                itemSize.height(parentHeight);\n                                animateThumb.height(parentHeight);\n                                innerThumb.height(parentHeight);\n                                imageThumb.height(parentHeight);\n                            }\n\t\t\t\t\t\t}, 1000);\n\t\t\t\t\t}\n\t\t\t\t\tbsaProResize();\n\t\t\t\t\t$(window).resize(function(){\n\t\t\t\t\t\tbsaProResize();\n\t\t\t\t\t});\n\t\t\t\t});\n\t\t\t})(jQuery);\n\t\t<\/script><\/div>\t\t\t\t\t\t<style>\n                            .bsaProContainer-9 {\n                                max-width: 720px;\n                            }\n\t\t\t\t\t\t<\/style>\n                        <\/div>\t\t\t\t\t\t<script>\n\t\t\t\t\t\t\t(function ($) {\n\t\t\t\t\t\t\t\t\"use strict\";\n\t\t\t\t\t\t\t\tfunction bsaOwlCarousel() {\n\t\t\t\t\t\t\t\t\tlet owl = $(\".bsa-owl-carousel-9\");\n\t\t\t\t\t\t\t\t\tlet owlItem = $(\".bsa-owl-carousel-9 .bsaProItem\");\n\t\t\t\t\t\t\t\t\t\t\t\t\t\t\t\t\t\t\towl.owlCarousel({\n\t\t\t\t\t\t\t\t\t\t\tloop: true,\n\t\t\t\t\t\t\t\t\t\t\t\t\t\t\t\t\t\t\t\t\t\tautoPlay: 5000,\n\t\t\t\t\t\t\t\t\t\t\tautoPlayHoverPause: false,\n\t\t\t\t\t\t\t\t\t\t\t\t\t\t\t\t\t\t\t\t\t\tautoPlayTimeout: 5000,\n\t\t\t\t\t\t\t\t\t\t\tpaginationSpeed: 700,\n\t\t\t\t\t\t\t\t\t\t\titems: 2,\n\t\t\t\t\t\t\t\t\t\t\trewindSpeed: 1000,\n\t\t\t\t\t\t\t\t\t\t\tsingleItem : true,\n\t\t\t\t\t\t\t\t\t\t\tslideSpeed: 400,\n\t\t\t\t\t\t\t\t\t\t\tautoWidth: true,\n\t\t\t\t\t\t\t\t\t\t\t\t\t\t\t\t\t\t\t\t\t\tnav: false,\n\t\t\t\t\t\t\t\t\t\t\tdots: false,\n\t\t\t\t\t\t\t\t\t\t\tafterAction: function(el){\n\t\t\t\t\t\t\t\t\t\t\t\t\/\/remove class active\n\t\t\t\t\t\t\t\t\t\t\t\towlItem.addClass('inactiveItem');\n\t\t\t\t\t\t\t\t\t\t\t\t\/\/add class active\n\t\t\t\t\t\t\t\t\t\t\t\towlItem.eq(this.currentItem).removeClass('inactiveItem');\n\t\t\t\t\t\t\t\t\t\t\t}\n\t\t\t\t\t\t\t\t\t\t});\n\t\t\t\t\t\t\t\t\t\t\t\t\t\t\t\t\t}\n\t\t\t\t\t\t\t\t$(document).ready(function () {\n\t\t\t\t\t\t\t\t\tlet owlCarousel = $(\".bsaProCarousel-9\");\n\t\t\t\t\t\t\t\t\tsetTimeout(function () {\n\t\t\t\t\t\t\t\t\t\tlet crop = \"yes\";\n\t\t\t\t\t\t\t\t\t\tlet ajax = $('.bsa_pro_ajax_load-9');\n\t\t\t\t\t\t\t\t\t\tif ( crop === \"ajax\" ) {\n\t\t\t\t\t\t\t\t\t\t\tif ( ajax.children.length > 0 ) {\n\t\t\t\t\t\t\t\t\t\t\t\tbsaOwlCarousel();\n\t\t\t\t\t\t\t\t\t\t\t\towlCarousel.fadeIn();\n\t\t\t\t\t\t\t\t\t\t\t\tsetTimeout(function () {\n\t\t\t\t\t\t\t\t\t\t\t\t\tajax.fadeIn();\n\t\t\t\t\t\t\t\t\t\t\t\t}, 100);\n\t\t\t\t\t\t\t\t\t\t\t}\n\t\t\t\t\t\t\t\t\t\t} else {\n\t\t\t\t\t\t\t\t\t\t\tbsaOwlCarousel();\n\t\t\t\t\t\t\t\t\t\t}\n\t\t\t\t\t\t\t\t\t}, 200);\n\t\t\t\t\t\t\t\t\tlet number_show_ads = \"0\";\n\t\t\t\t\t\t\t\t\tlet number_hide_ads = \"0\";\n\t\t\t\t\t\t\t\t\tif ( number_show_ads > 0 ) {\n\t\t\t\t\t\t\t\t\t\tsetTimeout(function () { owlCarousel.fadeIn(); }, number_show_ads * 1000);\n\t\t\t\t\t\t\t\t\t} else {\n                                        owlCarousel.fadeIn();\n\t\t\t\t\t\t\t\t\t}\n\t\t\t\t\t\t\t\t\tif ( number_hide_ads > 0 ) {\n\t\t\t\t\t\t\t\t\t\tsetTimeout(function () { owlCarousel.fadeOut(); }, number_hide_ads * 1000);\n\t\t\t\t\t\t\t\t\t}\n\t\t\t\t\t\t\t\t});\n\t\t\t\t\t\t\t})(jQuery);\n\t\t\t\t\t\t<\/script>\n\t\t\t\t\t\t<style>\n\t\t\t\t\t\t\t.bsaProCarousel-9 {\n\t\t\t\t\t\t\t\tmax-width: 720px !important;\n\t\t\t\t\t\t\t\twidth: 100%;\n\t\t\t\t\t\t\t\toverflow: hidden;\n\t\t\t\t\t\t\t\tmargin: 0 auto;\n\t\t\t\t\t\t\t}\n\t\t\t\t\t\t\t.bsaProCarousel-9 .bx-wrapper {\n\t\t\t\t\t\t\t\tborder: 0 !important;\n\t\t\t\t\t\t\t\tbox-shadow: none !important;\n\t\t\t\t\t\t\t\tmargin-bottom: 0 !important;\n\t\t\t\t\t\t\t}\n\t\t\t\t\t\t\t.bsaProCarousel-9 .bsaProItem {\n\t\t\t\t\t\t\t\tmax-width: 720px !important;\n\t\t\t\t\t\t\t}\n\t\t\t\t\t\t\t.bsaProCarousel-9 .bsaProItem {\n\t\t\t\t\t\t\t\twidth: 100% !important;\n\t\t\t\t\t\t\t\tmargin: 0 !important;\n\t\t\t\t\t\t\t\tvisibility: visible !important;\n\t\t\t\t\t\t\t\topacity: 1 !important;\n\t\t\t\t\t\t\t}\n\t\t\t\t\t\t<\/style>\n\t\t\t\t\t\t[vc_empty_space height=\u00a0\u00bb50px\u00a0\u00bb][vc_column_text css=\u00a0\u00bb\u00a0\u00bb]<\/p>\n<h2>News<\/h2>\n<p>[\/vc_column_text][vc_column_text css=\u00a0\u00bb\u00a0\u00bb]<div class=\"my-custom-post-grid\">            <div class=\"post-item\">\n                                    <div class=\"post-thumbnail\">\n                        <a href=\"https:\/\/scootertime.ch\/fr\/italjet-roadster-400-founders-edition-2026-fr\/\">\n                            <img loading=\"lazy\" decoding=\"async\" width=\"768\" height=\"573\" src=\"https:\/\/scootertime.ch\/wp-content\/uploads\/2026\/05\/MG_3746-768x573.jpg\" class=\"attachment-medium_large size-medium_large wp-post-image\" alt=\"_MG_3746\" srcset=\"https:\/\/scootertime.ch\/wp-content\/uploads\/2026\/05\/MG_3746-768x573.jpg 768w, https:\/\/scootertime.ch\/wp-content\/uploads\/2026\/05\/MG_3746-300x224.jpg 300w, https:\/\/scootertime.ch\/wp-content\/uploads\/2026\/05\/MG_3746-1024x764.jpg 1024w, https:\/\/scootertime.ch\/wp-content\/uploads\/2026\/05\/MG_3746.jpg 1072w\" sizes=\"auto, (max-width: 768px) 100vw, 768px\" \/>                        <\/a>\n                    <\/div>\n                \n                <h3 class=\"post-title\">\n                    <a href=\"https:\/\/scootertime.ch\/fr\/italjet-roadster-400-founders-edition-2026-fr\/\">PREMI\u00c8RE MONDIALE &#8211; ITALJET ROADSTER 400<\/a>\n                <\/h3>\n\n                <div class=\"post-excerpt\">\n                    Italjet lance le Roadster 400 Founders Edition, s\u00e9rie limit\u00e9e \u00e0 777 unit\u00e9s\u2026                <\/div>\n\n                <div class=\"read-more\">\n                                        <a href=\"https:\/\/scootertime.ch\/fr\/italjet-roadster-400-founders-edition-2026-fr\/\" class=\"weiterlesen-button\">Lire la suite<\/a>\n                <\/div>\n            <\/div>\n                        <div class=\"post-item\">\n                                    <div class=\"post-thumbnail\">\n                        <a href=\"https:\/\/scootertime.ch\/fr\/hoschidays-2026-sursee-fr\/\">\n                            <img loading=\"lazy\" decoding=\"async\" width=\"768\" height=\"512\" src=\"https:\/\/scootertime.ch\/wp-content\/uploads\/2026\/04\/hoschidays_v1-768x512.jpg\" class=\"attachment-medium_large size-medium_large wp-post-image\" alt=\"hoschidays_v1\" srcset=\"https:\/\/scootertime.ch\/wp-content\/uploads\/2026\/04\/hoschidays_v1-768x512.jpg 768w, https:\/\/scootertime.ch\/wp-content\/uploads\/2026\/04\/hoschidays_v1-300x200.jpg 300w, https:\/\/scootertime.ch\/wp-content\/uploads\/2026\/04\/hoschidays_v1-1024x683.jpg 1024w, https:\/\/scootertime.ch\/wp-content\/uploads\/2026\/04\/hoschidays_v1.jpg 1200w\" sizes=\"auto, (max-width: 768px) 100vw, 768px\" \/>                        <\/a>\n                    <\/div>\n                \n                <h3 class=\"post-title\">\n                    <a href=\"https:\/\/scootertime.ch\/fr\/hoschidays-2026-sursee-fr\/\">hoschidays 2026 \u2013 SPORT ET ACTION \u00c0 SURSEE<\/a>\n                <\/h3>\n\n                <div class=\"post-excerpt\">\n                    Les hoschidays 2026 reviennent \u00e0 Sursee avec shows, sport, essais et entr\u00e9e\u2026                <\/div>\n\n                <div class=\"read-more\">\n                                        <a href=\"https:\/\/scootertime.ch\/fr\/hoschidays-2026-sursee-fr\/\" class=\"weiterlesen-button\">Lire la suite<\/a>\n                <\/div>\n            <\/div>\n                        <div class=\"post-item\">\n                                    <div class=\"post-thumbnail\">\n                        <a href=\"https:\/\/scootertime.ch\/fr\/tcs-test-velos-light-assist-2026\/\">\n                            <img loading=\"lazy\" decoding=\"async\" width=\"600\" height=\"400\" src=\"https:\/\/scootertime.ch\/wp-content\/uploads\/2026\/04\/55235979820_cc2ff1f6e9_c.jpg\" class=\"attachment-medium_large size-medium_large wp-post-image\" alt=\"55235979820_cc2ff1f6e9_c\" srcset=\"https:\/\/scootertime.ch\/wp-content\/uploads\/2026\/04\/55235979820_cc2ff1f6e9_c.jpg 600w, https:\/\/scootertime.ch\/wp-content\/uploads\/2026\/04\/55235979820_cc2ff1f6e9_c-300x200.jpg 300w\" sizes=\"auto, (max-width: 600px) 100vw, 600px\" \/>                        <\/a>\n                    <\/div>\n                \n                <h3 class=\"post-title\">\n                    <a href=\"https:\/\/scootertime.ch\/fr\/tcs-test-velos-light-assist-2026\/\">V\u00c9LOS \u00c9LECTRIQUES URBAINS L\u00c9GERS \u00c0 L\u2019ESSAI<\/a>\n                <\/h3>\n\n                <div class=\"post-excerpt\">\n                    Le Touring Club Suisse a \u00e9valu\u00e9 huit v\u00e9los \u00e9lectriques Light\u2011Assist destin\u00e9s \u00e0\u2026                <\/div>\n\n                <div class=\"read-more\">\n                                        <a href=\"https:\/\/scootertime.ch\/fr\/tcs-test-velos-light-assist-2026\/\" class=\"weiterlesen-button\">Lire la suite<\/a>\n                <\/div>\n            <\/div>\n                        <div class=\"post-item\">\n                                    <div class=\"post-thumbnail\">\n                        <a href=\"https:\/\/scootertime.ch\/fr\/vespa-80-ans-celebrations-rome\/\">\n                            <img loading=\"lazy\" decoding=\"async\" width=\"600\" height=\"621\" src=\"https:\/\/scootertime.ch\/wp-content\/uploads\/2026\/04\/shot-15-1185-eip-d-4-5__-e1777397644597.jpg\" class=\"attachment-medium_large size-medium_large wp-post-image\" alt=\"shot-15-1185-eip-d-4-5__\" srcset=\"https:\/\/scootertime.ch\/wp-content\/uploads\/2026\/04\/shot-15-1185-eip-d-4-5__-e1777397644597.jpg 600w, https:\/\/scootertime.ch\/wp-content\/uploads\/2026\/04\/shot-15-1185-eip-d-4-5__-e1777397644597-290x300.jpg 290w\" sizes=\"auto, (max-width: 600px) 100vw, 600px\" \/>                        <\/a>\n                    <\/div>\n                \n                <h3 class=\"post-title\">\n                    <a href=\"https:\/\/scootertime.ch\/fr\/vespa-80-ans-celebrations-rome\/\">VESPA \u2013 80 ANS D\u2019UNE FORME QUI A MARQU\u00c9 L\u2019HISTOIRE<\/a>\n                <\/h3>\n\n                <div class=\"post-excerpt\">\n                    Vespa f\u00eate ses 80 ans avec des \u00e9ditions sp\u00e9ciales, une nouvelle collection\u2026                <\/div>\n\n                <div class=\"read-more\">\n                                        <a href=\"https:\/\/scootertime.ch\/fr\/vespa-80-ans-celebrations-rome\/\" class=\"weiterlesen-button\">Lire la suite<\/a>\n                <\/div>\n            <\/div>\n                        <div class=\"post-item\">\n                                    <div class=\"post-thumbnail\">\n                        <a href=\"https:\/\/scootertime.ch\/fr\/carter-moteur-polini-vespa-px\/\">\n                            <img loading=\"lazy\" decoding=\"async\" width=\"500\" height=\"400\" src=\"https:\/\/scootertime.ch\/wp-content\/uploads\/2026\/04\/79431820-c500-ec0c-2b72-2df8ddee4f5f.jpg\" class=\"attachment-medium_large size-medium_large wp-post-image\" alt=\"79431820-c500-ec0c-2b72-2df8ddee4f5f\" srcset=\"https:\/\/scootertime.ch\/wp-content\/uploads\/2026\/04\/79431820-c500-ec0c-2b72-2df8ddee4f5f.jpg 500w, https:\/\/scootertime.ch\/wp-content\/uploads\/2026\/04\/79431820-c500-ec0c-2b72-2df8ddee4f5f-300x240.jpg 300w\" sizes=\"auto, (max-width: 500px) 100vw, 500px\" \/>                        <\/a>\n                    <\/div>\n                \n                <h3 class=\"post-title\">\n                    <a href=\"https:\/\/scootertime.ch\/fr\/carter-moteur-polini-vespa-px\/\">CARTER MOTEUR POLINI POUR VESPA PX E PE<\/a>\n                <\/h3>\n\n                <div class=\"post-excerpt\">\n                    Les nouveaux carters moteur Polini pour Vespa PX offrent performance, compatibilit\u00e9 totale\u2026                <\/div>\n\n                <div class=\"read-more\">\n                                        <a href=\"https:\/\/scootertime.ch\/fr\/carter-moteur-polini-vespa-px\/\" class=\"weiterlesen-button\">Lire la suite<\/a>\n                <\/div>\n            <\/div>\n                        <div class=\"post-item\">\n                                    <div class=\"post-thumbnail\">\n                        <a href=\"https:\/\/scootertime.ch\/fr\/honda-baisse-prix-16-modeles\/\">\n                            <img loading=\"lazy\" decoding=\"async\" width=\"513\" height=\"400\" src=\"https:\/\/scootertime.ch\/wp-content\/uploads\/2026\/04\/572842_Preissenkung_2026.jpg\" class=\"attachment-medium_large size-medium_large wp-post-image\" alt=\"572842_Preissenkung_2026\" srcset=\"https:\/\/scootertime.ch\/wp-content\/uploads\/2026\/04\/572842_Preissenkung_2026.jpg 513w, https:\/\/scootertime.ch\/wp-content\/uploads\/2026\/04\/572842_Preissenkung_2026-300x234.jpg 300w\" sizes=\"auto, (max-width: 513px) 100vw, 513px\" \/>                        <\/a>\n                    <\/div>\n                \n                <h3 class=\"post-title\">\n                    <a href=\"https:\/\/scootertime.ch\/fr\/honda-baisse-prix-16-modeles\/\">HONDA BAISSE LES PRIX DE 16 MOD\u00c8LES DE SCOOTERS ET MOTOS<\/a>\n                <\/h3>\n\n                <div class=\"post-excerpt\">\n                    Prix revus, technologie avanc\u00e9e et garantie prolong\u00e9e: Honda dynamise sa gamme 2026.                <\/div>\n\n                <div class=\"read-more\">\n                                        <a href=\"https:\/\/scootertime.ch\/fr\/honda-baisse-prix-16-modeles\/\" class=\"weiterlesen-button\">Lire la suite<\/a>\n                <\/div>\n            <\/div>\n            <\/div><div class=\"pagination\"><span aria-current=\"page\" class=\"page-numbers current\">1<\/span>\n<a class=\"page-numbers\" href=\"https:\/\/scootertime.ch\/fr\/wp-json\/wp\/v2\/pages\/1321\/page\/2\/\">2<\/a>\n<a class=\"page-numbers\" href=\"https:\/\/scootertime.ch\/fr\/wp-json\/wp\/v2\/pages\/1321\/page\/3\/\">3<\/a>\n<span class=\"page-numbers dots\">\u2026<\/span>\n<a class=\"page-numbers\" href=\"https:\/\/scootertime.ch\/fr\/wp-json\/wp\/v2\/pages\/1321\/page\/68\/\">68<\/a>\n<a class=\"next page-numbers\" href=\"https:\/\/scootertime.ch\/fr\/wp-json\/wp\/v2\/pages\/1321\/page\/2\/\">Suivant \u00bb<\/a><\/div>[\/vc_column_text][\/vc_column][\/vc_row]<\/p>\n<\/div>","protected":false},"excerpt":{"rendered":"<p>[vc_row css=\u00a0\u00bb.vc_custom_1499761847801{margin-top: -18px !important;}\u00a0\u00bb][vc_column][vc_posts_slider count=\u00a0\u00bb1&Prime; interval=\u00a0\u00bb0&Prime; slides_content=\u00a0\u00bbteaser\u00a0\u00bb slides_title=\u00a0\u00bb1&Prime; thumb_size=\u00a0\u00bbfull\u00a0\u00bb css=\u00a0\u00bb\u00a0\u00bb posttypes=\u00a0\u00bbpost\u00a0\u00bb categories=\u00a0\u00bbNews\u00a0\u00bb][vc_column_text\u2026<\/p>\n","protected":false},"author":1,"featured_media":0,"parent":0,"menu_order":0,"comment_status":"closed","ping_status":"closed","template":"","meta":{"footnotes":""},"class_list":["post-1321","page","type-page","status-publish","hentry"],"yoast_head":"<!-- This site is optimized with the Yoast SEO plugin v27.5 - https:\/\/yoast.com\/product\/yoast-seo-wordpress\/ -->\n<title>Scootertime<\/title>\n<meta name=\"robots\" content=\"index, follow, max-snippet:-1, max-image-preview:large, max-video-preview:-1\" \/>\n<link rel=\"canonical\" href=\"https:\/\/scootertime.ch\/fr\/\" \/>\n<meta property=\"og:locale\" content=\"fr_FR\" \/>\n<meta property=\"og:type\" content=\"article\" \/>\n<meta property=\"og:title\" content=\"Scootertime\" \/>\n<meta property=\"og:description\" content=\"[vc_row css=\u00a0\u00bb.vc_custom_1499761847801{margin-top: -18px !important;}\u00a0\u00bb][vc_column][vc_posts_slider count=\u00a0\u00bb1&Prime; interval=\u00a0\u00bb0&Prime; slides_content=\u00a0\u00bbteaser\u00a0\u00bb slides_title=\u00a0\u00bb1&Prime; thumb_size=\u00a0\u00bbfull\u00a0\u00bb css=\u00a0\u00bb\u00a0\u00bb posttypes=\u00a0\u00bbpost\u00a0\u00bb categories=\u00a0\u00bbNews\u00a0\u00bb][vc_column_text\u2026\" \/>\n<meta property=\"og:url\" content=\"https:\/\/scootertime.ch\/fr\/\" \/>\n<meta property=\"og:site_name\" content=\"Scootertime\" \/>\n<meta property=\"article:modified_time\" content=\"2025-09-18T07:43:13+00:00\" \/>\n<meta name=\"twitter:card\" content=\"summary_large_image\" \/>\n<meta name=\"twitter:label1\" content=\"Dur\u00e9e de lecture estim\u00e9e\" \/>\n\t<meta name=\"twitter:data1\" content=\"1 minute\" \/>\n<script type=\"application\/ld+json\" class=\"yoast-schema-graph\">{\"@context\":\"https:\\\/\\\/schema.org\",\"@graph\":[{\"@type\":\"WebPage\",\"@id\":\"https:\\\/\\\/scootertime.ch\\\/fr\\\/\",\"url\":\"https:\\\/\\\/scootertime.ch\\\/fr\\\/\",\"name\":\"Scootertime\",\"isPartOf\":{\"@id\":\"https:\\\/\\\/scootertime.ch\\\/#website\"},\"datePublished\":\"2017-07-07T07:08:20+00:00\",\"dateModified\":\"2025-09-18T07:43:13+00:00\",\"breadcrumb\":{\"@id\":\"https:\\\/\\\/scootertime.ch\\\/fr\\\/#breadcrumb\"},\"inLanguage\":\"fr-FR\",\"potentialAction\":[{\"@type\":\"ReadAction\",\"target\":[\"https:\\\/\\\/scootertime.ch\\\/fr\\\/\"]}]},{\"@type\":\"BreadcrumbList\",\"@id\":\"https:\\\/\\\/scootertime.ch\\\/fr\\\/#breadcrumb\",\"itemListElement\":[{\"@type\":\"ListItem\",\"position\":1,\"name\":\"Home\",\"item\":\"https:\\\/\\\/scootertime.ch\\\/fr\\\/\"},{\"@type\":\"ListItem\",\"position\":2,\"name\":\"Home 3 FR\"}]},{\"@type\":\"WebSite\",\"@id\":\"https:\\\/\\\/scootertime.ch\\\/#website\",\"url\":\"https:\\\/\\\/scootertime.ch\\\/\",\"name\":\"Scootertime\",\"description\":\"Das erste Schweizer Rollermagazin\",\"publisher\":{\"@id\":\"https:\\\/\\\/scootertime.ch\\\/#organization\"},\"potentialAction\":[{\"@type\":\"SearchAction\",\"target\":{\"@type\":\"EntryPoint\",\"urlTemplate\":\"https:\\\/\\\/scootertime.ch\\\/?s={search_term_string}\"},\"query-input\":{\"@type\":\"PropertyValueSpecification\",\"valueRequired\":true,\"valueName\":\"search_term_string\"}}],\"inLanguage\":\"fr-FR\"},{\"@type\":\"Organization\",\"@id\":\"https:\\\/\\\/scootertime.ch\\\/#organization\",\"name\":\"Scootertime\",\"url\":\"https:\\\/\\\/scootertime.ch\\\/\",\"logo\":{\"@type\":\"ImageObject\",\"inLanguage\":\"fr-FR\",\"@id\":\"https:\\\/\\\/scootertime.ch\\\/#\\\/schema\\\/logo\\\/image\\\/\",\"url\":\"https:\\\/\\\/scootertime.ch\\\/wp-content\\\/uploads\\\/2018\\\/04\\\/cropped-testata-fondo-nero.jpg\",\"contentUrl\":\"https:\\\/\\\/scootertime.ch\\\/wp-content\\\/uploads\\\/2018\\\/04\\\/cropped-testata-fondo-nero.jpg\",\"width\":280,\"height\":90,\"caption\":\"Scootertime\"},\"image\":{\"@id\":\"https:\\\/\\\/scootertime.ch\\\/#\\\/schema\\\/logo\\\/image\\\/\"}}]}<\/script>\n<!-- \/ Yoast SEO plugin. -->","yoast_head_json":{"title":"Scootertime","robots":{"index":"index","follow":"follow","max-snippet":"max-snippet:-1","max-image-preview":"max-image-preview:large","max-video-preview":"max-video-preview:-1"},"canonical":"https:\/\/scootertime.ch\/fr\/","og_locale":"fr_FR","og_type":"article","og_title":"Scootertime","og_description":"[vc_row css=\u00a0\u00bb.vc_custom_1499761847801{margin-top: -18px !important;}\u00a0\u00bb][vc_column][vc_posts_slider count=\u00a0\u00bb1&Prime; interval=\u00a0\u00bb0&Prime; slides_content=\u00a0\u00bbteaser\u00a0\u00bb slides_title=\u00a0\u00bb1&Prime; thumb_size=\u00a0\u00bbfull\u00a0\u00bb css=\u00a0\u00bb\u00a0\u00bb posttypes=\u00a0\u00bbpost\u00a0\u00bb categories=\u00a0\u00bbNews\u00a0\u00bb][vc_column_text\u2026","og_url":"https:\/\/scootertime.ch\/fr\/","og_site_name":"Scootertime","article_modified_time":"2025-09-18T07:43:13+00:00","twitter_card":"summary_large_image","twitter_misc":{"Dur\u00e9e de lecture estim\u00e9e":"1 minute"},"schema":{"@context":"https:\/\/schema.org","@graph":[{"@type":"WebPage","@id":"https:\/\/scootertime.ch\/fr\/","url":"https:\/\/scootertime.ch\/fr\/","name":"Scootertime","isPartOf":{"@id":"https:\/\/scootertime.ch\/#website"},"datePublished":"2017-07-07T07:08:20+00:00","dateModified":"2025-09-18T07:43:13+00:00","breadcrumb":{"@id":"https:\/\/scootertime.ch\/fr\/#breadcrumb"},"inLanguage":"fr-FR","potentialAction":[{"@type":"ReadAction","target":["https:\/\/scootertime.ch\/fr\/"]}]},{"@type":"BreadcrumbList","@id":"https:\/\/scootertime.ch\/fr\/#breadcrumb","itemListElement":[{"@type":"ListItem","position":1,"name":"Home","item":"https:\/\/scootertime.ch\/fr\/"},{"@type":"ListItem","position":2,"name":"Home 3 FR"}]},{"@type":"WebSite","@id":"https:\/\/scootertime.ch\/#website","url":"https:\/\/scootertime.ch\/","name":"Scootertime","description":"Das erste Schweizer Rollermagazin","publisher":{"@id":"https:\/\/scootertime.ch\/#organization"},"potentialAction":[{"@type":"SearchAction","target":{"@type":"EntryPoint","urlTemplate":"https:\/\/scootertime.ch\/?s={search_term_string}"},"query-input":{"@type":"PropertyValueSpecification","valueRequired":true,"valueName":"search_term_string"}}],"inLanguage":"fr-FR"},{"@type":"Organization","@id":"https:\/\/scootertime.ch\/#organization","name":"Scootertime","url":"https:\/\/scootertime.ch\/","logo":{"@type":"ImageObject","inLanguage":"fr-FR","@id":"https:\/\/scootertime.ch\/#\/schema\/logo\/image\/","url":"https:\/\/scootertime.ch\/wp-content\/uploads\/2018\/04\/cropped-testata-fondo-nero.jpg","contentUrl":"https:\/\/scootertime.ch\/wp-content\/uploads\/2018\/04\/cropped-testata-fondo-nero.jpg","width":280,"height":90,"caption":"Scootertime"},"image":{"@id":"https:\/\/scootertime.ch\/#\/schema\/logo\/image\/"}}]}},"_links":{"self":[{"href":"https:\/\/scootertime.ch\/fr\/wp-json\/wp\/v2\/pages\/1321","targetHints":{"allow":["GET"]}}],"collection":[{"href":"https:\/\/scootertime.ch\/fr\/wp-json\/wp\/v2\/pages"}],"about":[{"href":"https:\/\/scootertime.ch\/fr\/wp-json\/wp\/v2\/types\/page"}],"author":[{"embeddable":true,"href":"https:\/\/scootertime.ch\/fr\/wp-json\/wp\/v2\/users\/1"}],"replies":[{"embeddable":true,"href":"https:\/\/scootertime.ch\/fr\/wp-json\/wp\/v2\/comments?post=1321"}],"version-history":[{"count":34,"href":"https:\/\/scootertime.ch\/fr\/wp-json\/wp\/v2\/pages\/1321\/revisions"}],"predecessor-version":[{"id":13658,"href":"https:\/\/scootertime.ch\/fr\/wp-json\/wp\/v2\/pages\/1321\/revisions\/13658"}],"wp:attachment":[{"href":"https:\/\/scootertime.ch\/fr\/wp-json\/wp\/v2\/media?parent=1321"}],"curies":[{"name":"wp","href":"https:\/\/api.w.org\/{rel}","templated":true}]}}